{"id":3323,"date":"2022-06-10T08:34:18","date_gmt":"2022-06-10T08:34:18","guid":{"rendered":"https:\/\/demo.ovatheme.com\/podover\/?page_id=3323"},"modified":"2024-10-23T08:19:15","modified_gmt":"2024-10-23T08:19:15","slug":"episode-grid-with-filter","status":"publish","type":"page","link":"https:\/\/dallemionena.es\/?page_id=3323","title":{"rendered":"UN PODCAST DE CALEYA"},"content":{"rendered":"\t\t<div data-elementor-type=\"wp-page\" data-elementor-id=\"3323\" class=\"elementor elementor-3323\" data-elementor-post-type=\"page\">\n\t\t\t\t\t\t\t\t\t<section class=\"elementor-section elementor-top-section elementor-element elementor-element-1ed8536 elementor-section-boxed elementor-section-height-default elementor-section-height-default\" data-id=\"1ed8536\" data-element_type=\"section\">\n\t\t\t\t\t\t<div class=\"elementor-container elementor-column-gap-default\">\n\t\t\t\t\t<div class=\"elementor-column elementor-col-100 elementor-top-column elementor-element elementor-element-d0aed52\" data-id=\"d0aed52\" data-element_type=\"column\">\n\t\t\t<div class=\"elementor-widget-wrap elementor-element-populated\">\n\t\t\t\t\t\t\t\t<div class=\"elementor-element elementor-element-4353811 elementor-widget elementor-widget-ovau_elementor_audio_category_filter_2\" data-id=\"4353811\" data-element_type=\"widget\" data-widget_type=\"ovau_elementor_audio_category_filter_2.default\">\n\t\t\t\t<div class=\"elementor-widget-container\">\n\t\t\t\n<!-- Audio Category Filter -->\n<div class=\"ova-audio-category-filter ova-audio-category-filter-2\"\n    data-per-page=\"6\" \n    data-order_by=\"date\" \n    data-order=\"DESC\" \n    data-category-not-in=\"\" \n    data-show-pagination=\"yes\" \n    data-target=\"\" \n    data-detail-label=\"\"\n    data-layout=\"2\"\n    >\n            <ul class=\"audio-categories\">\n                            <li class=\"audio-category audio-active\" data-slug=\"belmonte-de-miranda\">\n                    Belmonte de Miranda                                            <i aria-hidden=\"true\" class=\"ovaicon ovaicon-minus\"><\/i>\n                                    <\/li>\n                                    <div class=\"audio-container-mobile\"><\/div>\n                                            <li class=\"audio-category\" data-slug=\"boal\">\n                    Boal                                            <i aria-hidden=\"true\" class=\"ovaicon ovaicon-plus\"><\/i>\n                                    <\/li>\n                                            <li class=\"audio-category\" data-slug=\"cabrales\">\n                    Cabrales                                            <i aria-hidden=\"true\" class=\"ovaicon ovaicon-plus\"><\/i>\n                                    <\/li>\n                                            <li class=\"audio-category\" data-slug=\"candamo\">\n                    Candamo                                            <i aria-hidden=\"true\" class=\"ovaicon ovaicon-plus\"><\/i>\n                                    <\/li>\n                                            <li class=\"audio-category\" data-slug=\"candelario\">\n                    Candelario                                            <i aria-hidden=\"true\" class=\"ovaicon ovaicon-plus\"><\/i>\n                                    <\/li>\n                                            <li class=\"audio-category\" data-slug=\"cangas-de-onis\">\n                    Cangas de On\u00eds                                            <i aria-hidden=\"true\" class=\"ovaicon ovaicon-plus\"><\/i>\n                                    <\/li>\n                                            <li class=\"audio-category\" data-slug=\"caravia\">\n                    Caravia                                            <i aria-hidden=\"true\" class=\"ovaicon ovaicon-plus\"><\/i>\n                                    <\/li>\n                                            <li class=\"audio-category\" data-slug=\"carreno\">\n                    Carre\u00f1o                                            <i aria-hidden=\"true\" class=\"ovaicon ovaicon-plus\"><\/i>\n                                    <\/li>\n                                            <li class=\"audio-category\" data-slug=\"caso\">\n                    Caso                                            <i aria-hidden=\"true\" class=\"ovaicon ovaicon-plus\"><\/i>\n                                    <\/li>\n                                            <li class=\"audio-category\" data-slug=\"colunga\">\n                    Colunga                                            <i aria-hidden=\"true\" class=\"ovaicon ovaicon-plus\"><\/i>\n                                    <\/li>\n                                            <li class=\"audio-category\" data-slug=\"gijon\">\n                    Gij\u00f3n                                            <i aria-hidden=\"true\" class=\"ovaicon ovaicon-plus\"><\/i>\n                                    <\/li>\n                                            <li class=\"audio-category\" data-slug=\"grado\">\n                    Grado                                            <i aria-hidden=\"true\" class=\"ovaicon ovaicon-plus\"><\/i>\n                                    <\/li>\n                                            <li class=\"audio-category\" data-slug=\"las-regueras\">\n                    Las Regueras                                            <i aria-hidden=\"true\" class=\"ovaicon ovaicon-plus\"><\/i>\n                                    <\/li>\n                                            <li class=\"audio-category\" data-slug=\"laviana\">\n                    Laviana                                            <i aria-hidden=\"true\" class=\"ovaicon ovaicon-plus\"><\/i>\n                                    <\/li>\n                                            <li class=\"audio-category\" data-slug=\"llanera\">\n                    Llanera                                            <i aria-hidden=\"true\" class=\"ovaicon ovaicon-plus\"><\/i>\n                                    <\/li>\n                                            <li class=\"audio-category\" data-slug=\"mieres\">\n                    Mieres                                            <i aria-hidden=\"true\" class=\"ovaicon ovaicon-plus\"><\/i>\n                                    <\/li>\n                                            <li class=\"audio-category\" data-slug=\"oviedo\">\n                    Oviedo                                            <i aria-hidden=\"true\" class=\"ovaicon ovaicon-plus\"><\/i>\n                                    <\/li>\n                                            <li class=\"audio-category\" data-slug=\"ponga\">\n                    Ponga                                            <i aria-hidden=\"true\" class=\"ovaicon ovaicon-plus\"><\/i>\n                                    <\/li>\n                                            <li class=\"audio-category\" data-slug=\"pravia\">\n                    Pravia                                            <i aria-hidden=\"true\" class=\"ovaicon ovaicon-plus\"><\/i>\n                                    <\/li>\n                                            <li class=\"audio-category\" data-slug=\"quiros\">\n                    Quir\u00f3s                                            <i aria-hidden=\"true\" class=\"ovaicon ovaicon-plus\"><\/i>\n                                    <\/li>\n                                            <li class=\"audio-category\" data-slug=\"ribadedeva\">\n                    Ribadedeva                                            <i aria-hidden=\"true\" class=\"ovaicon ovaicon-plus\"><\/i>\n                                    <\/li>\n                                            <li class=\"audio-category\" data-slug=\"ribera-de-arriba\">\n                    Ribera de Arriba                                            <i aria-hidden=\"true\" class=\"ovaicon ovaicon-plus\"><\/i>\n                                    <\/li>\n                                            <li class=\"audio-category\" data-slug=\"sobrescobio\">\n                    Sobrescobio                                            <i aria-hidden=\"true\" class=\"ovaicon ovaicon-plus\"><\/i>\n                                    <\/li>\n                                            <li class=\"audio-category\" data-slug=\"somiedo\">\n                    Somiedo                                            <i aria-hidden=\"true\" class=\"ovaicon ovaicon-plus\"><\/i>\n                                    <\/li>\n                                            <li class=\"audio-category\" data-slug=\"tapia\">\n                    Tapia                                            <i aria-hidden=\"true\" class=\"ovaicon ovaicon-plus\"><\/i>\n                                    <\/li>\n                                            <li class=\"audio-category\" data-slug=\"tineo\">\n                    Tineo                                            <i aria-hidden=\"true\" class=\"ovaicon ovaicon-plus\"><\/i>\n                                    <\/li>\n                                            <li class=\"audio-category\" data-slug=\"torazo\">\n                    Torazo                                            <i aria-hidden=\"true\" class=\"ovaicon ovaicon-plus\"><\/i>\n                                    <\/li>\n                                            <li class=\"audio-category\" data-slug=\"vegadeo\">\n                    Vegadeo                                            <i aria-hidden=\"true\" class=\"ovaicon ovaicon-plus\"><\/i>\n                                    <\/li>\n                                            <li class=\"audio-category\" data-slug=\"villaviciosa\">\n                    Villaviciosa                                            <i aria-hidden=\"true\" class=\"ovaicon ovaicon-plus\"><\/i>\n                                    <\/li>\n                                            <li class=\"audio-category\" data-slug=\"yernes-y-tameza\">\n                    Yernes y Tameza                                            <i aria-hidden=\"true\" class=\"ovaicon ovaicon-plus\"><\/i>\n                                    <\/li>\n                                    <\/ul>\n    \n    <!-- ajax reponse html -->\n    <div class=\"audio-container\">\n        \n    <\/div>\n\n    <div class=\"wrap_loader\">\n        <svg class=\"loader\" width=\"50\" height=\"50\">\n            <circle cx=\"25\" cy=\"25\" r=\"10\" \/>\n            <circle cx=\"25\" cy=\"25\" r=\"20\" \/>\n        <\/svg>\n    <\/div>\n<\/div>\n\t\t<\/div>\n\t\t\t\t<\/div>\n\t\t\t\t\t<\/div>\n\t\t<\/div>\n\t\t\t\t\t\t\t<\/div>\n\t\t<\/section>\n\t\t\t\t<section class=\"elementor-section elementor-top-section elementor-element elementor-element-75548b79 elementor-section-boxed elementor-section-height-default elementor-section-height-default\" data-id=\"75548b79\" data-element_type=\"section\" data-settings=\"{&quot;background_background&quot;:&quot;classic&quot;}\">\n\t\t\t\t\t\t\t<div class=\"elementor-background-overlay\"><\/div>\n\t\t\t\t\t\t\t<div class=\"elementor-container elementor-column-gap-default\">\n\t\t\t\t\t<div class=\"elementor-column elementor-col-50 elementor-top-column elementor-element elementor-element-cd3bbeb\" data-id=\"cd3bbeb\" data-element_type=\"column\">\n\t\t\t<div class=\"elementor-widget-wrap elementor-element-populated\">\n\t\t\t\t\t\t\t\t<div class=\"elementor-element elementor-element-319f6109 elementor-widget elementor-widget-podover_elementor_heading\" data-id=\"319f6109\" data-element_type=\"widget\" data-widget_type=\"podover_elementor_heading.default\">\n\t\t\t\t<div class=\"elementor-widget-container\">\n\t\t\t\t\t<div class=\"ova-title\">\n\n\t\t\t\t\t\t\t<h3 class=\"sub-title\">No te pierdas ning\u00fan cap\u00edtulo<\/h3>\n\t\t\t\n\t\t\t\t\t\t\t\t\t\t\t\t\t<h2 class=\"title\">\n\t\t\t\t\t\t\tTodas las temporadas de Dalle Mio Nena\t\t\t\t\t\t<\/h2>\n\n\t\t\t\t\t\t\t\n\t\t\t\n\t\t<\/div> \n\t\t\t\t<\/div>\n\t\t\t\t<\/div>\n\t\t\t\t\t<\/div>\n\t\t<\/div>\n\t\t\t\t<div class=\"elementor-column elementor-col-50 elementor-top-column elementor-element elementor-element-76a8db4d\" data-id=\"76a8db4d\" data-element_type=\"column\">\n\t\t\t<div class=\"elementor-widget-wrap elementor-element-populated\">\n\t\t\t\t\t\t\t\t<div class=\"elementor-element elementor-element-44360cf1 elementor-align-right elementor-mobile-align-center elementor-widget elementor-widget-button\" data-id=\"44360cf1\" data-element_type=\"widget\" data-widget_type=\"button.default\">\n\t\t\t\t<div class=\"elementor-widget-container\">\n\t\t\t\t\t<div class=\"elementor-button-wrapper\">\n\t\t\t<a class=\"elementor-button elementor-button-link elementor-size-md\" href=\"https:\/\/dallemionena.es\/?page_id=3575\">\n\t\t\t\t\t\t<span class=\"elementor-button-content-wrapper\">\n\t\t\t\t\t\t<span class=\"elementor-button-text\">Buscar<\/span>\n\t\t<\/span>\n\t\t\t\t\t<\/a>\n\t\t<\/div>\n\t\t\t\t<\/div>\n\t\t\t\t<\/div>\n\t\t\t\t\t<\/div>\n\t\t<\/div>\n\t\t\t\t\t\t\t<\/div>\n\t\t<\/section>\n\t\t\t\t\t\t\t<\/div>\n\t\t","protected":false},"excerpt":{"rendered":"<p>Belmonte de Miranda Boal Cabrales Candamo Candelario Cangas de On\u00eds Caravia Carre\u00f1o Caso Colunga Gij\u00f3n Grado Las Regueras Laviana Llanera Mieres Oviedo Pravia Ribadedeva Ribera de Arriba Sobrescobio Tineo Torazo Vegadeo Villaviciosa Yernes y Tameza No te pierdas ning\u00fan cap\u00edtulo Todas las temporadas de Dalle Mio Nena Buscar<\/p>\n","protected":false},"author":2,"featured_media":0,"parent":0,"menu_order":0,"comment_status":"closed","ping_status":"closed","template":"elementor_header_footer","meta":[],"yoast_head":"<!-- This site is optimized with the Yoast SEO plugin v21.3 - https:\/\/yoast.com\/wordpress\/plugins\/seo\/ -->\n<title>UN PODCAST DE CALEYA - Dalle Mio Nena<\/title>\n<meta name=\"robots\" content=\"index, follow, max-snippet:-1, max-image-preview:large, max-video-preview:-1\" \/>\n<link rel=\"canonical\" href=\"https:\/\/dallemionena.es\/?page_id=3323\" \/>\n<meta property=\"og:locale\" content=\"es_ES\" \/>\n<meta property=\"og:type\" content=\"article\" \/>\n<meta property=\"og:title\" content=\"UN PODCAST DE CALEYA - Dalle Mio Nena\" \/>\n<meta property=\"og:description\" content=\"Belmonte de Miranda Boal Cabrales Candamo Candelario Cangas de On\u00eds Caravia Carre\u00f1o Caso Colunga Gij\u00f3n Grado Las Regueras Laviana Llanera Mieres Oviedo Pravia Ribadedeva Ribera de Arriba Sobrescobio Tineo Torazo Vegadeo Villaviciosa Yernes y Tameza No te pierdas ning\u00fan cap\u00edtulo Todas las temporadas de Dalle Mio Nena Buscar\" \/>\n<meta property=\"og:url\" content=\"https:\/\/dallemionena.es\/?page_id=3323\" \/>\n<meta property=\"og:site_name\" content=\"Dalle Mio Nena\" \/>\n<meta property=\"article:modified_time\" content=\"2024-10-23T08:19:15+00:00\" \/>\n<meta name=\"twitter:card\" content=\"summary_large_image\" \/>\n<meta name=\"twitter:label1\" content=\"Tiempo de lectura\" \/>\n\t<meta name=\"twitter:data1\" content=\"1 minuto\" \/>\n<script type=\"application\/ld+json\" class=\"yoast-schema-graph\">{\"@context\":\"https:\/\/schema.org\",\"@graph\":[{\"@type\":\"WebPage\",\"@id\":\"https:\/\/dallemionena.es\/?page_id=3323\",\"url\":\"https:\/\/dallemionena.es\/?page_id=3323\",\"name\":\"UN PODCAST DE CALEYA - Dalle Mio Nena\",\"isPartOf\":{\"@id\":\"https:\/\/dallemionena.es\/#website\"},\"datePublished\":\"2022-06-10T08:34:18+00:00\",\"dateModified\":\"2024-10-23T08:19:15+00:00\",\"breadcrumb\":{\"@id\":\"https:\/\/dallemionena.es\/?page_id=3323#breadcrumb\"},\"inLanguage\":\"es\",\"potentialAction\":[{\"@type\":\"ReadAction\",\"target\":[\"https:\/\/dallemionena.es\/?page_id=3323\"]}]},{\"@type\":\"BreadcrumbList\",\"@id\":\"https:\/\/dallemionena.es\/?page_id=3323#breadcrumb\",\"itemListElement\":[{\"@type\":\"ListItem\",\"position\":1,\"name\":\"Portada\",\"item\":\"https:\/\/dallemionena.es\/\"},{\"@type\":\"ListItem\",\"position\":2,\"name\":\"UN PODCAST DE CALEYA\"}]},{\"@type\":\"WebSite\",\"@id\":\"https:\/\/dallemionena.es\/#website\",\"url\":\"https:\/\/dallemionena.es\/\",\"name\":\"Dalle Mio Nena\",\"description\":\"Primer podcast rural de Espa\u00f1a en clave femenina\",\"publisher\":{\"@id\":\"https:\/\/dallemionena.es\/#organization\"},\"potentialAction\":[{\"@type\":\"SearchAction\",\"target\":{\"@type\":\"EntryPoint\",\"urlTemplate\":\"https:\/\/dallemionena.es\/?s={search_term_string}\"},\"query-input\":\"required name=search_term_string\"}],\"inLanguage\":\"es\"},{\"@type\":\"Organization\",\"@id\":\"https:\/\/dallemionena.es\/#organization\",\"name\":\"Dalle Mio Nena\",\"url\":\"https:\/\/dallemionena.es\/\",\"logo\":{\"@type\":\"ImageObject\",\"inLanguage\":\"es\",\"@id\":\"https:\/\/dallemionena.es\/#\/schema\/logo\/image\/\",\"url\":\"https:\/\/dallemionena.es\/wp-content\/uploads\/2023\/09\/DALLElogo_Mesa-de-trabajo-1.png\",\"contentUrl\":\"https:\/\/dallemionena.es\/wp-content\/uploads\/2023\/09\/DALLElogo_Mesa-de-trabajo-1.png\",\"width\":3308,\"height\":3308,\"caption\":\"Dalle Mio Nena\"},\"image\":{\"@id\":\"https:\/\/dallemionena.es\/#\/schema\/logo\/image\/\"}}]}<\/script>\n<!-- \/ Yoast SEO plugin. -->","yoast_head_json":{"title":"UN PODCAST DE CALEYA - Dalle Mio Nena","robots":{"index":"index","follow":"follow","max-snippet":"max-snippet:-1","max-image-preview":"max-image-preview:large","max-video-preview":"max-video-preview:-1"},"canonical":"https:\/\/dallemionena.es\/?page_id=3323","og_locale":"es_ES","og_type":"article","og_title":"UN PODCAST DE CALEYA - Dalle Mio Nena","og_description":"Belmonte de Miranda Boal Cabrales Candamo Candelario Cangas de On\u00eds Caravia Carre\u00f1o Caso Colunga Gij\u00f3n Grado Las Regueras Laviana Llanera Mieres Oviedo Pravia Ribadedeva Ribera de Arriba Sobrescobio Tineo Torazo Vegadeo Villaviciosa Yernes y Tameza No te pierdas ning\u00fan cap\u00edtulo Todas las temporadas de Dalle Mio Nena Buscar","og_url":"https:\/\/dallemionena.es\/?page_id=3323","og_site_name":"Dalle Mio Nena","article_modified_time":"2024-10-23T08:19:15+00:00","twitter_card":"summary_large_image","twitter_misc":{"Tiempo de lectura":"1 minuto"},"schema":{"@context":"https:\/\/schema.org","@graph":[{"@type":"WebPage","@id":"https:\/\/dallemionena.es\/?page_id=3323","url":"https:\/\/dallemionena.es\/?page_id=3323","name":"UN PODCAST DE CALEYA - Dalle Mio Nena","isPartOf":{"@id":"https:\/\/dallemionena.es\/#website"},"datePublished":"2022-06-10T08:34:18+00:00","dateModified":"2024-10-23T08:19:15+00:00","breadcrumb":{"@id":"https:\/\/dallemionena.es\/?page_id=3323#breadcrumb"},"inLanguage":"es","potentialAction":[{"@type":"ReadAction","target":["https:\/\/dallemionena.es\/?page_id=3323"]}]},{"@type":"BreadcrumbList","@id":"https:\/\/dallemionena.es\/?page_id=3323#breadcrumb","itemListElement":[{"@type":"ListItem","position":1,"name":"Portada","item":"https:\/\/dallemionena.es\/"},{"@type":"ListItem","position":2,"name":"UN PODCAST DE CALEYA"}]},{"@type":"WebSite","@id":"https:\/\/dallemionena.es\/#website","url":"https:\/\/dallemionena.es\/","name":"Dalle Mio Nena","description":"Primer podcast rural de Espa\u00f1a en clave femenina","publisher":{"@id":"https:\/\/dallemionena.es\/#organization"},"potentialAction":[{"@type":"SearchAction","target":{"@type":"EntryPoint","urlTemplate":"https:\/\/dallemionena.es\/?s={search_term_string}"},"query-input":"required name=search_term_string"}],"inLanguage":"es"},{"@type":"Organization","@id":"https:\/\/dallemionena.es\/#organization","name":"Dalle Mio Nena","url":"https:\/\/dallemionena.es\/","logo":{"@type":"ImageObject","inLanguage":"es","@id":"https:\/\/dallemionena.es\/#\/schema\/logo\/image\/","url":"https:\/\/dallemionena.es\/wp-content\/uploads\/2023\/09\/DALLElogo_Mesa-de-trabajo-1.png","contentUrl":"https:\/\/dallemionena.es\/wp-content\/uploads\/2023\/09\/DALLElogo_Mesa-de-trabajo-1.png","width":3308,"height":3308,"caption":"Dalle Mio Nena"},"image":{"@id":"https:\/\/dallemionena.es\/#\/schema\/logo\/image\/"}}]}},"_links":{"self":[{"href":"https:\/\/dallemionena.es\/index.php?rest_route=\/wp\/v2\/pages\/3323"}],"collection":[{"href":"https:\/\/dallemionena.es\/index.php?rest_route=\/wp\/v2\/pages"}],"about":[{"href":"https:\/\/dallemionena.es\/index.php?rest_route=\/wp\/v2\/types\/page"}],"author":[{"embeddable":true,"href":"https:\/\/dallemionena.es\/index.php?rest_route=\/wp\/v2\/users\/2"}],"replies":[{"embeddable":true,"href":"https:\/\/dallemionena.es\/index.php?rest_route=%2Fwp%2Fv2%2Fcomments&post=3323"}],"version-history":[{"count":18,"href":"https:\/\/dallemionena.es\/index.php?rest_route=\/wp\/v2\/pages\/3323\/revisions"}],"predecessor-version":[{"id":4550,"href":"https:\/\/dallemionena.es\/index.php?rest_route=\/wp\/v2\/pages\/3323\/revisions\/4550"}],"wp:attachment":[{"href":"https:\/\/dallemionena.es\/index.php?rest_route=%2Fwp%2Fv2%2Fmedia&parent=3323"}],"curies":[{"name":"wp","href":"https:\/\/api.w.org\/{rel}","templated":true}]}}